{"id":282,"date":"2020-09-10T11:29:10","date_gmt":"2020-09-10T14:29:10","guid":{"rendered":"https:\/\/demosites.io\/shop-gb\/?page_id=282"},"modified":"2023-07-12T11:24:45","modified_gmt":"2023-07-12T14:24:45","slug":"52e3e-contact","status":"publish","type":"page","link":"https:\/\/catene.com.br\/index.php\/52e3e-contact\/","title":{"rendered":"SOBRE"},"content":{"rendered":"\t\t<div data-elementor-type=\"wp-page\" data-elementor-id=\"282\" class=\"elementor elementor-282\">\n\t\t\t\t\t\t<section class=\"elementor-section elementor-top-section elementor-element elementor-element-363d0d1 elementor-section-boxed elementor-section-height-default elementor-section-height-default\" data-id=\"363d0d1\" data-element_type=\"section\">\n\t\t\t\t\t\t<div class=\"elementor-container elementor-column-gap-default\">\n\t\t\t\t\t<div class=\"elementor-column elementor-col-50 elementor-top-column elementor-element elementor-element-bf8d2f4\" data-id=\"bf8d2f4\" data-element_type=\"column\">\n\t\t\t<div class=\"elementor-widget-wrap elementor-element-populated\">\n\t\t\t\t\t\t<div class=\"elementor-element elementor-element-4341e4b elementor-widget elementor-widget-heading\" data-id=\"4341e4b\" data-element_type=\"widget\" data-widget_type=\"heading.default\">\n\t\t\t\t<div class=\"elementor-widget-container\">\n\t\t\t\t\t<h3 class=\"elementor-heading-title elementor-size-default\">sobre n\u00f3s <\/h3>\t\t\t\t<\/div>\n\t\t\t\t<\/div>\n\t\t\t\t<div class=\"elementor-element elementor-element-51212dd elementor-widget elementor-widget-text-editor\" data-id=\"51212dd\" data-element_type=\"widget\" data-widget_type=\"text-editor.default\">\n\t\t\t\t<div class=\"elementor-widget-container\">\n\t\t\t\t\t\t\t\t\t<p>Miss\u00e3o<br \/>Desenvolver, fabricar e fornecer<br \/>equipamentos e servi\u00e7os de qualidade aos<br \/>nossos clientes e usu\u00e1rios.<\/p><p>Vis\u00e3o<br \/>Ser empresa reconhecida e diferenciada pela<br \/>qualidade de nossos produtos e servi\u00e7os.<\/p><p>Valores<br \/>Satisfa\u00e7\u00e3o do cliente, trabalho com \u00e9tica e<br \/>responsabilidade social.<\/p>\t\t\t\t\t\t\t\t<\/div>\n\t\t\t\t<\/div>\n\t\t\t\t\t<\/div>\n\t\t<\/div>\n\t\t\t\t<div class=\"elementor-column elementor-col-50 elementor-top-column elementor-element elementor-element-e61bf6b\" data-id=\"e61bf6b\" data-element_type=\"column\">\n\t\t\t<div class=\"elementor-widget-wrap elementor-element-populated\">\n\t\t\t\t\t\t<div class=\"elementor-element elementor-element-e63b796 elementor-widget elementor-widget-image\" data-id=\"e63b796\" data-element_type=\"widget\" data-widget_type=\"image.default\">\n\t\t\t\t<div class=\"elementor-widget-container\">\n\t\t\t\t\t\t\t\t\t\t\t\t\t\t\t<img decoding=\"async\" src=\"https:\/\/catene.com.br\/wp-content\/uploads\/elementor\/thumbs\/IMG_20201127_102939430-scaled-pxkcdtjr84sowouj17lvmvtvim8jkt4xy7qu9fu0i8.jpg\" title=\"IMG_20201127_102939430\" alt=\"PLACA T\u00c9RMICA\" loading=\"lazy\" \/>\t\t\t\t\t\t\t\t\t\t\t\t\t\t\t<\/div>\n\t\t\t\t<\/div>\n\t\t\t\t\t<\/div>\n\t\t<\/div>\n\t\t\t\t\t<\/div>\n\t\t<\/section>\n\t\t\t\t<\/div>\n\t\t","protected":false},"excerpt":{"rendered":"<p>sobre n\u00f3s Miss\u00e3oDesenvolver, fabricar e fornecerequipamentos e servi\u00e7os de qualidade aosnossos clientes e usu\u00e1rios. Vis\u00e3oSer empresa reconhecida e diferenciada pelaqualidade de nossos produtos e servi\u00e7os. ValoresSatisfa\u00e7\u00e3o do cliente, trabalho com \u00e9tica eresponsabilidade social.<\/p>\n","protected":false},"author":1,"featured_media":0,"parent":0,"menu_order":0,"comment_status":"closed","ping_status":"closed","template":"","meta":{"neve_meta_sidebar":"full-width","neve_meta_container":"","neve_meta_enable_content_width":"on","neve_meta_content_width":100,"neve_meta_title_alignment":"center","neve_meta_author_avatar":"","neve_post_elements_order":"","neve_meta_disable_header":"","neve_meta_disable_footer":"","neve_meta_disable_title":"on","_themeisle_gutenberg_block_has_review":false,"footnotes":""},"_links":{"self":[{"href":"https:\/\/catene.com.br\/index.php\/wp-json\/wp\/v2\/pages\/282"}],"collection":[{"href":"https:\/\/catene.com.br\/index.php\/wp-json\/wp\/v2\/pages"}],"about":[{"href":"https:\/\/catene.com.br\/index.php\/wp-json\/wp\/v2\/types\/page"}],"author":[{"embeddable":true,"href":"https:\/\/catene.com.br\/index.php\/wp-json\/wp\/v2\/users\/1"}],"replies":[{"embeddable":true,"href":"https:\/\/catene.com.br\/index.php\/wp-json\/wp\/v2\/comments?post=282"}],"version-history":[{"count":21,"href":"https:\/\/catene.com.br\/index.php\/wp-json\/wp\/v2\/pages\/282\/revisions"}],"predecessor-version":[{"id":874,"href":"https:\/\/catene.com.br\/index.php\/wp-json\/wp\/v2\/pages\/282\/revisions\/874"}],"wp:attachment":[{"href":"https:\/\/catene.com.br\/index.php\/wp-json\/wp\/v2\/media?parent=282"}],"curies":[{"name":"wp","href":"https:\/\/api.w.org\/{rel}","templated":true}]}}